{"id":160,"date":"2022-02-04T11:13:55","date_gmt":"2022-02-04T11:13:55","guid":{"rendered":"https:\/\/chandani-spacious-main.sites.qsandbox.com\/?page_id=160"},"modified":"2025-03-05T21:55:40","modified_gmt":"2025-03-05T20:55:40","slug":"right-sidebar","status":"publish","type":"page","link":"https:\/\/jessicafabie-psychologue.fr\/index.php\/right-sidebar\/","title":{"rendered":"Le suivi"},"content":{"rendered":"<div class=\"blockart-section blockart-section-6944614b\"><div class=\"blockart-container\"><div class=\"blockart-section-inner\"><div class=\"blockart-column blockart-column-c228c1ca\"><div class=\"blockart-column-inner\"><p class=\"blockart-paragraph blockart-paragraph-a9397777\">Vous souhaitez faire la d\u00e9marche d&rsquo;aller voir un.e psychologue mais vous ne savez pas comment cela va se passer ? <\/p><\/div><\/div><\/div><\/div><\/div><div class=\"wp-block-group is-layout-constrained wp-block-group-is-layout-constrained\"><figure class=\"blockart-image blockart-image-725c9ea2\"><img fetchpriority=\"high\" decoding=\"async\" class=\"wp-image-887 hover-effect-static filter-none mask mask-blob2 mask-size-contain mask-position-center-bottom mask-repeat-repeat-y\" src=\"https:\/\/jessicafabie-psychologue.fr\/wp-content\/uploads\/2025\/03\/semer-mieux.jpeg\" alt=\"\" height=\"427\" width=\"640\" srcset=\"https:\/\/jessicafabie-psychologue.fr\/wp-content\/uploads\/2025\/03\/semer-mieux.jpeg 640w, https:\/\/jessicafabie-psychologue.fr\/wp-content\/uploads\/2025\/03\/semer-mieux-300x200.jpeg 300w, https:\/\/jessicafabie-psychologue.fr\/wp-content\/uploads\/2025\/03\/semer-mieux-600x400.jpeg 600w\" sizes=\"(max-width: 640px) 100vw, 640px\" \/><\/figure><\/div><blockquote class=\"wp-block-quote is-layout-flow wp-block-quote-is-layout-flow\"><p>Il n&rsquo;est pas possible de connaitre la dur\u00e9e d&rsquo;une psychoth\u00e9rapie en avance. <\/p>\n\n<p>Cela peut varier d&rsquo;une personne \u00e0 l&rsquo;autre. <\/p>\n\n<p>La dur\u00e9e sera propre \u00e0 votre parcours, en fonction de vos objectifs, de vos attentes, de votre engagement et de votre \u00e9volution personnelle.<\/p><\/blockquote><p>A tout moment, il est possible de faire une pause de la th\u00e9rapie. <br>Vous pouvez \u00e9galement l&rsquo;arr\u00eater. Si c&rsquo;est le cas, n&rsquo;h\u00e9sitez pas \u00e0 m&rsquo;en informer afin de pouvoir cl\u00f4turer la th\u00e9rapie dans la bienveillance et la justesse pour nous.<\/p><div class=\"blockart-info-box blockart-info-8166ce44 blockart-info-box-layout-4\"><div class=\"blockart-info-container\"><div class=\"blockart-info-box-icon-wrapper\"><div class=\"blockart-info-box-icon\"><svg width=\"24\" height=\"24\" xmlns=\"http:\/\/www.w3.org\/2000\/svg\" viewBox=\"0 0 448 512\" class=\"blockart-icon\" aria-hidden=\"true\"><path d=\"M224 0c-17.7 0-32 14.3-32 32V51.2C119 66 64 130.6 64 208v18.8c0 47-17.3 92.4-48.5 127.6l-7.4 8.3c-8.4 9.4-10.4 22.9-5.3 34.4S19.4 416 32 416H416c12.6 0 24-7.4 29.2-18.9s3.1-25-5.3-34.4l-7.4-8.3C401.3 319.2 384 273.9 384 226.8V208c0-77.4-55-142-128-156.8V32c0-17.7-14.3-32-32-32zm45.3 493.3c12-12 18.7-28.3 18.7-45.3H224 160c0 17 6.7 33.3 18.7 45.3s28.3 18.7 45.3 18.7s33.3-6.7 45.3-18.7z\"><\/path><\/svg><\/div><\/div><div class=\"blockart-info-content\"><div class=\"blockart-heading-wrapper\"><h1 class=\"blockart-heading\">th\u00e9rapie mOSAIC<\/h1><\/div><div class=\"blockart-content-wrapper\"><p class=\"\">La th\u00e9rapie MOSAIC r\u00e9pond \u00e0 un protocole sp\u00e9cifique qui peut permettre d&rsquo;avoir une visibilit\u00e9 plus pr\u00e9cise concernant le suivi. Il s&rsquo;agit d&rsquo;une th\u00e9rapie br\u00e8ve qui en moyenne se d\u00e9roule entre 3 et 12 s\u00e9ances. <br>Il est indispensable de garder \u00e0 l&rsquo;esprit qu&rsquo;il est possible qu&rsquo;une \u00ab\u00a0th\u00e9rapie br\u00e8ve\u00a0\u00bb bascule vers une th\u00e9rapie plus longue. <br><br>La th\u00e9rapie MOSAIC \u00ab\u00a0trauma complexe\u00a0\u00bb est tr\u00e8s fr\u00e9quemment plus longue (entre 8 et 20 s\u00e9ances). <br><\/p><\/div><div class=\"blockart-button-wrapper\"><a class=\"blockart-button\" href=\"https:\/\/therapiemosaic.com\/\" target=\"_blank\" rel=\"noopener\">Pour plus d&rsquo;informations<\/a><\/div><\/div><\/div><\/div><p><\/p><p><\/p>","protected":false},"excerpt":{"rendered":"<p>Il n&rsquo;est pas possible de connaitre la dur\u00e9e d&rsquo;une psychoth\u00e9rapie en avance. Cela peut varier d&rsquo;une personne \u00e0 l&rsquo;autre. La [&hellip;]<\/p>\n","protected":false},"author":1,"featured_media":0,"parent":0,"menu_order":0,"comment_status":"closed","ping_status":"closed","template":"","meta":{"site-sidebar-layout":"default","site-content-layout":"","ast-site-content-layout":"","site-content-style":"default","site-sidebar-style":"default","ast-global-header-display":"","ast-banner-title-visibility":"","ast-main-header-display":"","ast-hfb-above-header-display":"","ast-hfb-below-header-display":"","ast-hfb-mobile-header-display":"","site-post-title":"","ast-breadcrumbs-content":"","ast-featured-img":"","footer-sml-layout":"","theme-transparent-header-meta":"","adv-header-id-meta":"","stick-header-meta":"","header-above-stick-meta":"","header-main-stick-meta":"","header-below-stick-meta":"","astra-migrate-meta-layouts":"default","ast-page-background-enabled":"default","ast-page-background-meta":{"desktop":{"background-color":"var(--ast-global-color-5)","background-image":"","background-repeat":"repeat","background-position":"center center","background-size":"auto","background-attachment":"scroll","background-type":"","background-media":"","overlay-type":"","overlay-color":"","overlay-opacity":"","overlay-gradient":""},"tablet":{"background-color":"","background-image":"","background-repeat":"repeat","background-position":"center center","background-size":"auto","background-attachment":"scroll","background-type":"","background-media":"","overlay-type":"","overlay-color":"","overlay-opacity":"","overlay-gradient":""},"mobile":{"background-color":"","background-image":"","background-repeat":"repeat","background-position":"center center","background-size":"auto","background-attachment":"scroll","background-type":"","background-media":"","overlay-type":"","overlay-color":"","overlay-opacity":"","overlay-gradient":""}},"ast-content-background-meta":{"desktop":{"background-color":"var(--ast-global-color-4)","background-image":"","background-repeat":"repeat","background-position":"center center","background-size":"auto","background-attachment":"scroll","background-type":"","background-media":"","overlay-type":"","overlay-color":"","overlay-opacity":"","overlay-gradient":""},"tablet":{"background-color":"var(--ast-global-color-4)","background-image":"","background-repeat":"repeat","background-position":"center center","background-size":"auto","background-attachment":"scroll","background-type":"","background-media":"","overlay-type":"","overlay-color":"","overlay-opacity":"","overlay-gradient":""},"mobile":{"background-color":"var(--ast-global-color-4)","background-image":"","background-repeat":"repeat","background-position":"center center","background-size":"auto","background-attachment":"scroll","background-type":"","background-media":"","overlay-type":"","overlay-color":"","overlay-opacity":"","overlay-gradient":""}},"footnotes":""},"class_list":["post-160","page","type-page","status-publish","hentry"],"_links":{"self":[{"href":"https:\/\/jessicafabie-psychologue.fr\/index.php\/wp-json\/wp\/v2\/pages\/160","targetHints":{"allow":["GET"]}}],"collection":[{"href":"https:\/\/jessicafabie-psychologue.fr\/index.php\/wp-json\/wp\/v2\/pages"}],"about":[{"href":"https:\/\/jessicafabie-psychologue.fr\/index.php\/wp-json\/wp\/v2\/types\/page"}],"author":[{"embeddable":true,"href":"https:\/\/jessicafabie-psychologue.fr\/index.php\/wp-json\/wp\/v2\/users\/1"}],"replies":[{"embeddable":true,"href":"https:\/\/jessicafabie-psychologue.fr\/index.php\/wp-json\/wp\/v2\/comments?post=160"}],"version-history":[{"count":13,"href":"https:\/\/jessicafabie-psychologue.fr\/index.php\/wp-json\/wp\/v2\/pages\/160\/revisions"}],"predecessor-version":[{"id":890,"href":"https:\/\/jessicafabie-psychologue.fr\/index.php\/wp-json\/wp\/v2\/pages\/160\/revisions\/890"}],"wp:attachment":[{"href":"https:\/\/jessicafabie-psychologue.fr\/index.php\/wp-json\/wp\/v2\/media?parent=160"}],"curies":[{"name":"wp","href":"https:\/\/api.w.org\/{rel}","templated":true}]}}