{"id":164,"date":"2022-02-04T11:15:08","date_gmt":"2022-02-04T11:15:08","guid":{"rendered":"https:\/\/chandani-spacious-main.sites.qsandbox.com\/?page_id=164"},"modified":"2025-03-05T22:16:46","modified_gmt":"2025-03-05T21:16:46","slug":"no-sidebar-full-width","status":"publish","type":"page","link":"https:\/\/jessicafabie-psychologue.fr\/index.php\/no-sidebar-full-width\/","title":{"rendered":"Tarifs et Prise en charge"},"content":{"rendered":"<div class=\"blockart-section blockart-section-c37fcb11\"><div class=\"blockart-container\"><div class=\"blockart-section-inner\"><div class=\"blockart-column blockart-column-be5bd829\"><div class=\"blockart-column-inner\"><p class=\"blockart-paragraph blockart-paragraph-addcedc5\"><em>Les s\u00e9ances seront \u00e0 r\u00e9gler en ch\u00e8que ou en esp\u00e8ces. <\/em><\/p><\/div><\/div><\/div><\/div><\/div><ul class=\"wp-block-list\"><\/ul><div class=\"blockart-icon-list blockart-icon-list-3045fb43 blockart-vertical blockart-default\"><\/div><div class=\"blockart-section blockart-section-17642ec4\"><div class=\"blockart-container\"><div class=\"blockart-section-inner\"><\/div><\/div><\/div><div class=\"blockart-section blockart-section-1fe57c87\"><div class=\"blockart-container\"><div class=\"blockart-section-inner\"><div class=\"blockart-column blockart-column-8ca72519\"><div class=\"blockart-column-inner\"><p class=\"blockart-paragraph blockart-paragraph-fa5447f6\"><strong>Premi\u00e8re consultation : 50 \u20ac<br>Consultation de suivi : 50 \u20ac<br>Consultation en ligne (visio) : 50 \u20ac (r\u00e8glement virement ou Paypal)<br>Th\u00e9rapie MOSAIC : 50 \u20ac<\/strong><\/p><\/div><\/div>\n\n<div class=\"blockart-column blockart-column-0c66a888\"><div class=\"blockart-column-inner\"><figure class=\"blockart-image blockart-image-4fc1daf9\"><img fetchpriority=\"high\" decoding=\"async\" width=\"1080\" height=\"1080\" class=\"wp-image-896 hover-effect-static filter-none mask mask-none\" src=\"https:\/\/jessicafabie-psychologue.fr\/wp-content\/uploads\/2025\/03\/Design-sans-titre-2.png\" alt=\"\" srcset=\"https:\/\/jessicafabie-psychologue.fr\/wp-content\/uploads\/2025\/03\/Design-sans-titre-2.png 1080w, https:\/\/jessicafabie-psychologue.fr\/wp-content\/uploads\/2025\/03\/Design-sans-titre-2-300x300.png 300w, https:\/\/jessicafabie-psychologue.fr\/wp-content\/uploads\/2025\/03\/Design-sans-titre-2-1024x1024.png 1024w, https:\/\/jessicafabie-psychologue.fr\/wp-content\/uploads\/2025\/03\/Design-sans-titre-2-150x150.png 150w, https:\/\/jessicafabie-psychologue.fr\/wp-content\/uploads\/2025\/03\/Design-sans-titre-2-768x768.png 768w, https:\/\/jessicafabie-psychologue.fr\/wp-content\/uploads\/2025\/03\/Design-sans-titre-2-45x45.png 45w, https:\/\/jessicafabie-psychologue.fr\/wp-content\/uploads\/2025\/03\/Design-sans-titre-2-600x600.png 600w, https:\/\/jessicafabie-psychologue.fr\/wp-content\/uploads\/2025\/03\/Design-sans-titre-2-100x100.png 100w\" sizes=\"(max-width: 1080px) 100vw, 1080px\" \/><\/figure><\/div><\/div><\/div><\/div><\/div><div class=\"blockart-info-box blockart-info-ba938eca blockart-info-box-layout-1\"><div class=\"blockart-info-container\"><div class=\"blockart-info-box-icon-wrapper\"><div class=\"blockart-info-box-icon\"><\/div><\/div><div class=\"blockart-info-content\"><div class=\"blockart-heading-wrapper\"><h2 class=\"blockart-heading\">Prise en charge<\/h2><\/div><div class=\"blockart-content-wrapper\"><p class=\"\">Certaines mutuelles remboursent les consultations. Une facture vous sera envoy\u00e9e \u00e0 la suite de votre s\u00e9ance afin de transmettre les informations \u00e0 votre mutuelle afin d&rsquo;obtenir un remboursement. <br><br>Malgr\u00e9 un boycott du dispositif \u00ab\u00a0MonPsy\u00a0\u00bb depuis plusieurs ann\u00e9es, j&rsquo;ai pris la d\u00e9cision de me conventionner CPAM. <br>Il ne s&rsquo;agit pas d&rsquo;un consentement de ma part. <br>Je suis en d\u00e9saccord avec le gouvernement et les \u00e9l\u00e9ments constituant le parcours \u00ab\u00a0MonPsy\u00a0\u00bb.<br><br>Toutefois, nous traversons en France une p\u00e9riode financi\u00e8re complexe qui emp\u00eache de nombreuses familles d&rsquo;acc\u00e9der aux soins psychologiques. <br>Je me refuse \u00e0 vous interdire d&rsquo;acc\u00e9der \u00e0 des aides financi\u00e8res pour votre sant\u00e9 mentale. <br><br>Avant de prendre rendez-vous, il est indispensable que vous puissiez consulter les conditions d&rsquo;acc\u00e8s au remboursement (crit\u00e8res d&rsquo;acceptation de remboursement &#8230; SPOILER ALERT : une aberation) <br>Je vous encourage \u00e9galement \u00e0 me contacter par email : jessicafabie@hotmail.fr ou par SMS au 06-77-91-85-74 afin de voir ensemble si vous avez la possibilit\u00e9 d&rsquo;acc\u00e9der au remboursement. <br><br>Par ailleurs, si vous ne pouvez pas acc\u00e9der au remboursement, je reste disponible pour vous orienter pour trouver une solution adapt\u00e9e \u00e0 vos besoins et vos contraintes. <br><br>Ne restez pas seul.e, une aide est toujours possible. <\/p><\/div><div class=\"blockart-button-wrapper\"><a class=\"blockart-button\" href=\"https:\/\/www.ameli.fr\/assure\/remboursements\/rembourse\/remboursement-seance-psychologue-mon-soutien-psy\">Parcours \u00ab\u00a0MonPsy\u00a0\u00bb<\/a><\/div><\/div><\/div><\/div>","protected":false},"excerpt":{"rendered":"","protected":false},"author":1,"featured_media":0,"parent":0,"menu_order":0,"comment_status":"closed","ping_status":"closed","template":"","meta":{"site-sidebar-layout":"default","site-content-layout":"","ast-site-content-layout":"","site-content-style":"default","site-sidebar-style":"default","ast-global-header-display":"","ast-banner-title-visibility":"","ast-main-header-display":"","ast-hfb-above-header-display":"","ast-hfb-below-header-display":"","ast-hfb-mobile-header-display":"","site-post-title":"","ast-breadcrumbs-content":"","ast-featured-img":"","footer-sml-layout":"","theme-transparent-header-meta":"","adv-header-id-meta":"","stick-header-meta":"","header-above-stick-meta":"","header-main-stick-meta":"","header-below-stick-meta":"","astra-migrate-meta-layouts":"default","ast-page-background-enabled":"default","ast-page-background-meta":{"desktop":{"background-color":"var(--ast-global-color-5)","background-image":"","background-repeat":"repeat","background-position":"center center","background-size":"auto","background-attachment":"scroll","background-type":"","background-media":"","overlay-type":"","overlay-color":"","overlay-opacity":"","overlay-gradient":""},"tablet":{"background-color":"","background-image":"","background-repeat":"repeat","background-position":"center center","background-size":"auto","background-attachment":"scroll","background-type":"","background-media":"","overlay-type":"","overlay-color":"","overlay-opacity":"","overlay-gradient":""},"mobile":{"background-color":"","background-image":"","background-repeat":"repeat","background-position":"center center","background-size":"auto","background-attachment":"scroll","background-type":"","background-media":"","overlay-type":"","overlay-color":"","overlay-opacity":"","overlay-gradient":""}},"ast-content-background-meta":{"desktop":{"background-color":"var(--ast-global-color-4)","background-image":"","background-repeat":"repeat","background-position":"center center","background-size":"auto","background-attachment":"scroll","background-type":"","background-media":"","overlay-type":"","overlay-color":"","overlay-opacity":"","overlay-gradient":""},"tablet":{"background-color":"var(--ast-global-color-4)","background-image":"","background-repeat":"repeat","background-position":"center center","background-size":"auto","background-attachment":"scroll","background-type":"","background-media":"","overlay-type":"","overlay-color":"","overlay-opacity":"","overlay-gradient":""},"mobile":{"background-color":"var(--ast-global-color-4)","background-image":"","background-repeat":"repeat","background-position":"center center","background-size":"auto","background-attachment":"scroll","background-type":"","background-media":"","overlay-type":"","overlay-color":"","overlay-opacity":"","overlay-gradient":""}},"footnotes":""},"class_list":["post-164","page","type-page","status-publish","hentry"],"_links":{"self":[{"href":"https:\/\/jessicafabie-psychologue.fr\/index.php\/wp-json\/wp\/v2\/pages\/164","targetHints":{"allow":["GET"]}}],"collection":[{"href":"https:\/\/jessicafabie-psychologue.fr\/index.php\/wp-json\/wp\/v2\/pages"}],"about":[{"href":"https:\/\/jessicafabie-psychologue.fr\/index.php\/wp-json\/wp\/v2\/types\/page"}],"author":[{"embeddable":true,"href":"https:\/\/jessicafabie-psychologue.fr\/index.php\/wp-json\/wp\/v2\/users\/1"}],"replies":[{"embeddable":true,"href":"https:\/\/jessicafabie-psychologue.fr\/index.php\/wp-json\/wp\/v2\/comments?post=164"}],"version-history":[{"count":10,"href":"https:\/\/jessicafabie-psychologue.fr\/index.php\/wp-json\/wp\/v2\/pages\/164\/revisions"}],"predecessor-version":[{"id":902,"href":"https:\/\/jessicafabie-psychologue.fr\/index.php\/wp-json\/wp\/v2\/pages\/164\/revisions\/902"}],"wp:attachment":[{"href":"https:\/\/jessicafabie-psychologue.fr\/index.php\/wp-json\/wp\/v2\/media?parent=164"}],"curies":[{"name":"wp","href":"https:\/\/api.w.org\/{rel}","templated":true}]}}