{"id":29,"date":"2022-01-17T10:20:02","date_gmt":"2022-01-17T10:20:02","guid":{"rendered":"https:\/\/chandani-spacious-main.sites.qsandbox.com\/?page_id=29"},"modified":"2025-03-20T12:36:02","modified_gmt":"2025-03-20T11:36:02","slug":"layout","status":"publish","type":"page","link":"https:\/\/jessicafabie-psychologue.fr\/index.php\/layout\/","title":{"rendered":"Votre rendez-vous"},"content":{"rendered":"<div class=\"blockart-section blockart-section-e8064b99\"><div class=\"blockart-container\"><div class=\"blockart-section-inner\"><div class=\"blockart-column blockart-column-683ddc7b\"><div class=\"blockart-column-inner\"><p>Je propose des consultations au sein de mon bureau \u00e0 Brens au 1er \u00e9tage de la mairie. <br>Je vous accueille \u00e9galement en visio.<\/p>\n\n<p>N&rsquo;h\u00e9sitez pas \u00e0 me contacter si vous avez des questions<\/p><\/div><\/div><\/div><\/div><\/div><figure class=\"blockart-image blockart-image-db8d0d20\"><img decoding=\"async\" class=\"hover-effect-static filter-none mask mask-none\" src=\"https:\/\/chandani-spacious-main.sites.qsandbox.com\/wp-content\/uploads\/2022\/02\/3.png\" alt=\"\"\/><\/figure><figure class=\"blockart-image blockart-image-e6b3b749\"><img fetchpriority=\"high\" decoding=\"async\" width=\"1080\" height=\"1080\" class=\"wp-image-999 hover-effect-static filter-none mask mask-none\" src=\"https:\/\/jessicafabie-psychologue.fr\/wp-content\/uploads\/2025\/03\/Design-sans-titre-2.jpg\" alt=\"\" srcset=\"https:\/\/jessicafabie-psychologue.fr\/wp-content\/uploads\/2025\/03\/Design-sans-titre-2.jpg 1080w, https:\/\/jessicafabie-psychologue.fr\/wp-content\/uploads\/2025\/03\/Design-sans-titre-2-300x300.jpg 300w, https:\/\/jessicafabie-psychologue.fr\/wp-content\/uploads\/2025\/03\/Design-sans-titre-2-1024x1024.jpg 1024w, https:\/\/jessicafabie-psychologue.fr\/wp-content\/uploads\/2025\/03\/Design-sans-titre-2-150x150.jpg 150w, https:\/\/jessicafabie-psychologue.fr\/wp-content\/uploads\/2025\/03\/Design-sans-titre-2-768x768.jpg 768w, https:\/\/jessicafabie-psychologue.fr\/wp-content\/uploads\/2025\/03\/Design-sans-titre-2-45x45.jpg 45w, https:\/\/jessicafabie-psychologue.fr\/wp-content\/uploads\/2025\/03\/Design-sans-titre-2-600x600.jpg 600w, https:\/\/jessicafabie-psychologue.fr\/wp-content\/uploads\/2025\/03\/Design-sans-titre-2-100x100.jpg 100w\" sizes=\"(max-width: 1080px) 100vw, 1080px\" \/><\/figure>","protected":false},"excerpt":{"rendered":"","protected":false},"author":1,"featured_media":0,"parent":0,"menu_order":0,"comment_status":"closed","ping_status":"closed","template":"","meta":{"site-sidebar-layout":"default","site-content-layout":"","ast-site-content-layout":"","site-content-style":"default","site-sidebar-style":"default","ast-global-header-display":"","ast-banner-title-visibility":"","ast-main-header-display":"","ast-hfb-above-header-display":"","ast-hfb-below-header-display":"","ast-hfb-mobile-header-display":"","site-post-title":"","ast-breadcrumbs-content":"","ast-featured-img":"","footer-sml-layout":"","theme-transparent-header-meta":"","adv-header-id-meta":"","stick-header-meta":"","header-above-stick-meta":"","header-main-stick-meta":"","header-below-stick-meta":"","astra-migrate-meta-layouts":"default","ast-page-background-enabled":"default","ast-page-background-meta":{"desktop":{"background-color":"var(--ast-global-color-5)","background-image":"","background-repeat":"repeat","background-position":"center center","background-size":"auto","background-attachment":"scroll","background-type":"","background-media":"","overlay-type":"","overlay-color":"","overlay-opacity":"","overlay-gradient":""},"tablet":{"background-color":"","background-image":"","background-repeat":"repeat","background-position":"center center","background-size":"auto","background-attachment":"scroll","background-type":"","background-media":"","overlay-type":"","overlay-color":"","overlay-opacity":"","overlay-gradient":""},"mobile":{"background-color":"","background-image":"","background-repeat":"repeat","background-position":"center center","background-size":"auto","background-attachment":"scroll","background-type":"","background-media":"","overlay-type":"","overlay-color":"","overlay-opacity":"","overlay-gradient":""}},"ast-content-background-meta":{"desktop":{"background-color":"var(--ast-global-color-4)","background-image":"","background-repeat":"repeat","background-position":"center center","background-size":"auto","background-attachment":"scroll","background-type":"","background-media":"","overlay-type":"","overlay-color":"","overlay-opacity":"","overlay-gradient":""},"tablet":{"background-color":"var(--ast-global-color-4)","background-image":"","background-repeat":"repeat","background-position":"center center","background-size":"auto","background-attachment":"scroll","background-type":"","background-media":"","overlay-type":"","overlay-color":"","overlay-opacity":"","overlay-gradient":""},"mobile":{"background-color":"var(--ast-global-color-4)","background-image":"","background-repeat":"repeat","background-position":"center center","background-size":"auto","background-attachment":"scroll","background-type":"","background-media":"","overlay-type":"","overlay-color":"","overlay-opacity":"","overlay-gradient":""}},"footnotes":""},"class_list":["post-29","page","type-page","status-publish","hentry"],"_links":{"self":[{"href":"https:\/\/jessicafabie-psychologue.fr\/index.php\/wp-json\/wp\/v2\/pages\/29","targetHints":{"allow":["GET"]}}],"collection":[{"href":"https:\/\/jessicafabie-psychologue.fr\/index.php\/wp-json\/wp\/v2\/pages"}],"about":[{"href":"https:\/\/jessicafabie-psychologue.fr\/index.php\/wp-json\/wp\/v2\/types\/page"}],"author":[{"embeddable":true,"href":"https:\/\/jessicafabie-psychologue.fr\/index.php\/wp-json\/wp\/v2\/users\/1"}],"replies":[{"embeddable":true,"href":"https:\/\/jessicafabie-psychologue.fr\/index.php\/wp-json\/wp\/v2\/comments?post=29"}],"version-history":[{"count":2,"href":"https:\/\/jessicafabie-psychologue.fr\/index.php\/wp-json\/wp\/v2\/pages\/29\/revisions"}],"predecessor-version":[{"id":1000,"href":"https:\/\/jessicafabie-psychologue.fr\/index.php\/wp-json\/wp\/v2\/pages\/29\/revisions\/1000"}],"wp:attachment":[{"href":"https:\/\/jessicafabie-psychologue.fr\/index.php\/wp-json\/wp\/v2\/media?parent=29"}],"curies":[{"name":"wp","href":"https:\/\/api.w.org\/{rel}","templated":true}]}}