{"id":718,"date":"2015-07-29T13:44:44","date_gmt":"2015-07-29T13:44:44","guid":{"rendered":"https:\/\/chandani-spacious-main.sites.qsandbox.com\/?page_id=4"},"modified":"2026-01-12T12:42:43","modified_gmt":"2026-01-12T11:42:43","slug":"home","status":"publish","type":"page","link":"https:\/\/jessicafabie-psychologue.fr\/","title":{"rendered":"Accueil"},"content":{"rendered":"\t\t<div data-elementor-type=\"wp-page\" data-elementor-id=\"718\" class=\"elementor elementor-718\">\n\t\t\t\t<div class=\"elementor-element elementor-element-7e340eb3 e-flex e-con-boxed e-con e-parent\" data-id=\"7e340eb3\" data-element_type=\"container\" data-e-type=\"container\">\n\t\t\t\t\t<div class=\"e-con-inner\">\n\t\t\t\t<div class=\"elementor-element elementor-element-fee7513 elementor-widget-divider--view-line elementor-widget elementor-widget-divider\" data-id=\"fee7513\" data-element_type=\"widget\" data-e-type=\"widget\" data-widget_type=\"divider.default\">\n\t\t\t\t<div class=\"elementor-widget-container\">\n\t\t\t\t\t\t\t<div class=\"elementor-divider\">\n\t\t\t<span class=\"elementor-divider-separator\">\n\t\t\t\t\t\t<\/span>\n\t\t<\/div>\n\t\t\t\t\t\t<\/div>\n\t\t\t\t<\/div>\n\t\t\t\t<div class=\"elementor-element elementor-element-2311540 elementor-widget elementor-widget-heading\" data-id=\"2311540\" data-element_type=\"widget\" data-e-type=\"widget\" data-widget_type=\"heading.default\">\n\t\t\t\t<div class=\"elementor-widget-container\">\n\t\t\t\t\t<h2 class=\"elementor-heading-title elementor-size-default\">Je ne prends plus de nouveaux patients<br><br>Informations en lien avec les conf\u00e9rences \u00e0 venir \ud83d\ude42<\/h2>\t\t\t\t<\/div>\n\t\t\t\t<\/div>\n\t\t\t\t<div class=\"elementor-element elementor-element-56fee2df elementor-widget elementor-widget-text-editor\" data-id=\"56fee2df\" data-element_type=\"widget\" data-e-type=\"widget\" data-widget_type=\"text-editor.default\">\n\t\t\t\t<div class=\"elementor-widget-container\">\n\t\t\t\t\t\t\t\t\t<div class=\"blockart-slider blockart-slider-e69d47ec\">\n<div class=\"splide\">\n<div class=\"splide__track\">\n<ul class=\"splide__list\">\n<li style=\"list-style-type: none;\">\n<ul class=\"splide__list\"><\/ul>\n<\/li>\n<\/ul>\n<p>\u00a0<\/p>\n<ul class=\"splide__list\">\n<li style=\"list-style-type: none;\">\n<ul class=\"splide__list\">\n<li class=\"blockart-slide blockart-slide-217ac393 splide__slide\"><br \/>\n<p id=\"\" class=\"blockart-paragraph blockart-paragraph-e0b35f94 ba-typography-accent\">Je suis\u00a0<strong>psychologue<\/strong>\u00a0clinicienne\u00a0dipl\u00f4m\u00e9e d&rsquo;\u00e9tat, \u00e0 <strong>Brens<\/strong> &amp; en <strong>visio<\/strong>.<br \/><strong>J&rsquo;ai une approche int\u00e9grative et humaniste.<\/strong><br \/><strong><br \/><\/strong>Je re\u00e7ois les enfants, adolescents, adultes et personnes \u00e2g\u00e9es.<\/p>\n<p>Mon cabinet se trouve dans la mairie de Brens au 1er \u00e9tage (avec ascenseur).<br \/>Je consulte \u00e9galement en visio (Zoom, Whatsapp\u2026).<br \/>Possibilit\u00e9 de prendre rendez-vous en ligne.<\/p>\n<p><\/p>\n<\/li>\n<\/ul>\n<\/li>\n<\/ul>\n<p><\/p>\n<\/div>\n<div class=\"splide__arrows\">\n<div class=\"splide__arrow splide__arrow--prev\" tabindex=\"0\" role=\"button\">\u00a0<\/div>\n<div class=\"splide__arrow splide__arrow--next\" tabindex=\"0\" role=\"button\">\u00a0<\/div>\n<\/div>\n<\/div>\n<\/div>\n<p><!-- \/wp:blockart\/slider --><!-- wp:blockart\/spacing {\"clientId\":\"7902d316\"} --><\/p>\n<div class=\"blockart-spacing blockart-spacing-7902d316\">\n<div class=\"blockart-spacing-inner\">\u00a0<\/div>\n<\/div>\n<p><!-- \/wp:blockart\/spacing --><!-- wp:blockart\/spacing {\"clientId\":\"441dc5fa\"} --><\/p>\n<div class=\"blockart-spacing blockart-spacing-441dc5fa\">\n<div class=\"blockart-spacing-inner\">\u00a0<\/div>\n<\/div>\n<p><!-- \/wp:blockart\/spacing --><!-- wp:paragraph {\"style\":{\"border\":{\"width\":\"30px\"}},\"fontSize\":\"medium\"} --><\/p>\n<p class=\"has-medium-font-size\" style=\"border-width: 30px;\"><em>Prendre soin de la souffrance pour avancer et gu\u00e9rir.<\/em><\/p>\n<p><!-- \/wp:paragraph --><!-- wp:blockart\/spacing {\"clientId\":\"2dd63a02\"} --><\/p>\n<div class=\"blockart-spacing blockart-spacing-2dd63a02\">\n<div class=\"blockart-spacing-inner\">\u00a0<\/div>\n<\/div>\n<p><!-- \/wp:blockart\/spacing --><!-- wp:blockart\/paragraph {\"clientId\":\"54b7414a\",\"text\":\"\\u003cbr\\u003e\\u003cstrong\\u003eMes formations compl\u00e9mentaires\\u003c\/strong\\u003e : \\u003cbr\\u003eFormation \\u003cmark style=\\u0022background-color:rgba(0, 0, 0, 0)\\u0022 class=\\u0022has-inline-color has-ast-global-color-6-color\\u0022\\u003e\\u0022\\u003cstrong\\u003ePr\u00e9vention ludique et adapt\u00e9e contre les violences sexuelles\\u003c\/strong\\u003e\\u0022\\u003c\/mark\\u003e, Joanna Romba\\u003cbr\\u003eFormation \\u003cmark style=\\u0022background-color:rgba(0, 0, 0, 0);color:#000000\\u0022 class=\\u0022has-inline-color\\u0022\\u003eTh\u00e9rapie MOSAIC \\u0022Trauma complexe\\u0022\\u003c\/mark\\u003e, St\u00e9phanie Kalfa\\u003cbr\\u003eFormation Th\u00e9rapie MOSAIC de r\u00e9f\u00e9rence, St\u00e9phanie Kalfa\\u003cbr\\u003eFormation M\u00e9diation par l'animal, CMPA Formation\\u003cbr\\u003e\\u003cbr\\u003e\\u003cimg class=\\u0022wp-image-943\\u0022 style=\\u0022width: 150px;\\u0022 src=\\u0022https:\/\/jessicafabie-psychologue.fr\/wp-content\/uploads\/2025\/03\/graduation-309661_640.webp\\u0022 alt=\\u0022\\u0022\\u003e\\u003cbr\\u003e\\u003cbr\\u003e\\u003cstrong\\u003eMes formations initiales\\u003c\/strong\\u003e :\\u003cbr\\u003eMaster 2 Psychologie du Vieillissement Normal \\u0026amp; Pathologique, Brest\\u003cbr\\u003eMaster 1 Psychologie Cognitive - Neuropsychologie - Psychopathologie, Lille 3\\u003cbr\\u003eMaster 1 Neuropsychologie cognitive - Strasbourg (stop pour une fili\u00e8re clinique)\\u003cbr\\u003eLicence Psychologie CUFR Albi\\u003cbr\\u003eBaccalaur\u00e9at Litt\u00e9raire Option Anglais\",\"alignment\":{\"desktop\":\"center\"},\"typography\":{\"typography\":1,\"family\":\"Open Sans\",\"weight\":\"600\",\"size\":{\"desktop\":{\"value\":18,\"unit\":\"px\"}},\"fontStyle\":\"default\",\"decoration\":\"default\"},\"color\":\"#000000fa\",\"background\":{\"background\":1,\"color\":\"#dbe9d4\"}} --><\/p>\n<p class=\"blockart-paragraph blockart-paragraph-54b7414a\"><strong>Mes formations compl\u00e9mentaires<\/strong> : <br \/>Formation <mark class=\"has-inline-color has-ast-global-color-6-color\" style=\"background-color: rgba(0, 0, 0, 0);\">\u00ab\u00a0<strong>Pr\u00e9vention ludique et adapt\u00e9e contre les violences sexuelles<\/strong>\u00ab\u00a0<\/mark>, Joanna Romba<br \/>Formation <mark class=\"has-inline-color\" style=\"background-color: rgba(0, 0, 0, 0); color: #000000;\">Th\u00e9rapie MOSAIC \u00ab\u00a0Trauma complexe\u00a0\u00bb<\/mark>, St\u00e9phanie Kalfa<br \/>Formation Th\u00e9rapie MOSAIC de r\u00e9f\u00e9rence, St\u00e9phanie Kalfa<br \/>Formation M\u00e9diation par l&rsquo;animal, CMPA Formation<\/p>\n<p><img decoding=\"async\" width=\"150\" height=\"78\" class=\"wp-image-943\" style=\"width: 150px;\" src=\"https:\/\/jessicafabie-psychologue.fr\/wp-content\/uploads\/2025\/03\/graduation-309661_640.webp\" alt=\"\" srcset=\"https:\/\/jessicafabie-psychologue.fr\/wp-content\/uploads\/2025\/03\/graduation-309661_640.webp 640w, https:\/\/jessicafabie-psychologue.fr\/wp-content\/uploads\/2025\/03\/graduation-309661_640-300x156.webp 300w, https:\/\/jessicafabie-psychologue.fr\/wp-content\/uploads\/2025\/03\/graduation-309661_640-600x311.webp 600w\" sizes=\"(max-width: 150px) 100vw, 150px\" \/><\/p>\n<p><strong>Mes formations initiales<\/strong> :<br \/>Master 2 Psychologie du Vieillissement Normal &amp; Pathologique, Brest<br \/>Master 1 Psychologie Cognitive &#8211; Neuropsychologie &#8211; Psychopathologie, Lille 3<br \/>Master 1 Neuropsychologie cognitive &#8211; Strasbourg (stop pour une fili\u00e8re clinique)<br \/>Licence Psychologie CUFR Albi<br \/>Baccalaur\u00e9at Litt\u00e9raire Option Anglais<\/p>\n<p><!-- \/wp:blockart\/paragraph --><!-- wp:blockart\/section {\"clientId\":\"4e822326\",\"columns\":2} --><\/p>\n<div class=\"blockart-section blockart-section-4e822326\">\n<div class=\"blockart-container\">\n<div class=\"blockart-section-inner\">\n<p><!-- wp:blockart\/column {\"clientId\":\"4087a54b\"} --><\/p>\n<div class=\"blockart-column blockart-column-4087a54b\">\n<div class=\"blockart-column-inner\">\n<p><!-- wp:blockart\/image {\"clientId\":\"f4b2742c\",\"image\":{\"url\":\"https:\/\/jessicafabie-psychologue.fr\/wp-content\/uploads\/2025\/03\/mountains-8480519_640-1.webp\",\"id\":951,\"alt\":\"\"},\"alignment\":{\"desktop\":\"center\"}} --><\/p>\n<figure class=\"blockart-image blockart-image-f4b2742c\"><img fetchpriority=\"high\" decoding=\"async\" width=\"448\" height=\"640\" class=\"wp-image-951 hover-effect-static filter-none mask mask-none\" src=\"https:\/\/jessicafabie-psychologue.fr\/wp-content\/uploads\/2025\/03\/mountains-8480519_640-1.webp\" alt=\"\" srcset=\"https:\/\/jessicafabie-psychologue.fr\/wp-content\/uploads\/2025\/03\/mountains-8480519_640-1.webp 448w, https:\/\/jessicafabie-psychologue.fr\/wp-content\/uploads\/2025\/03\/mountains-8480519_640-1-210x300.webp 210w\" sizes=\"(max-width: 448px) 100vw, 448px\" \/><\/figure>\n<p><!-- \/wp:blockart\/image --><\/p>\n<\/div>\n<\/div>\n<p><!-- \/wp:blockart\/column --><!-- wp:blockart\/column {\"clientId\":\"601700e3\"} --><\/p>\n<div class=\"blockart-column blockart-column-601700e3\">\n<div class=\"blockart-column-inner\">\n<p><!-- wp:blockart\/paragraph {\"clientId\":\"b23f3e50\",\"text\":\"\\u003cbr\\u003e\\u003cbr\\u003e\\u003cimg class=\\u0022wp-image-959\\u0022 style=\\u0022width: 150px;\\u0022 src=\\u0022https:\/\/jessicafabie-psychologue.fr\/wp-content\/uploads\/2025\/03\/627d07d8-ef66-48b0-aab2-c5acd5ef939d.jpg\\u0022 alt=\\u0022\\u0022\\u003e\\u003cbr\\u003eBienvenue dans\u00a0\\u003cstrong\\u003emon univers th\u00e9rapeutique\\u003c\/strong\\u003e, \\u003cbr\\u003eun espace unique et authentique d'accompagnement psychologique. \\u003cbr\\u003e\\u003cbr\\u003eJe m'appelle Jessica Fabi\u00e9, passionn\u00e9e de lecture, de fromages et de mon m\u00e9tier : psychologue. \\u003cbr\\u003e\\u003cbr\\u003eChaque histoire, chaque parcours est pr\u00e9cieux et m\u00e9rite une attention toute particuli\u00e8re.\\u003cbr\\u003e\\u003cbr\\u003eQue vous soyez ici pour traverser une p\u00e9riode de difficult\u00e9, de doute ou simplement pour mieux vous conna\u00eetre, je vous propose un espace th\u00e9rapeutique collaboratif. \\u003cbr\\u003e\\u003cbr\\u003e \",\"alignment\":{\"desktop\":\"center\"}} --><\/p>\n<p class=\"blockart-paragraph blockart-paragraph-b23f3e50\">\u00a0<\/p>\n<p><img decoding=\"async\" width=\"150\" height=\"191\" class=\"wp-image-959\" style=\"width: 150px;\" src=\"https:\/\/jessicafabie-psychologue.fr\/wp-content\/uploads\/2025\/03\/627d07d8-ef66-48b0-aab2-c5acd5ef939d.jpg\" alt=\"\" srcset=\"https:\/\/jessicafabie-psychologue.fr\/wp-content\/uploads\/2025\/03\/627d07d8-ef66-48b0-aab2-c5acd5ef939d.jpg 377w, https:\/\/jessicafabie-psychologue.fr\/wp-content\/uploads\/2025\/03\/627d07d8-ef66-48b0-aab2-c5acd5ef939d-236x300.jpg 236w\" sizes=\"(max-width: 150px) 100vw, 150px\" \/><br \/>Bienvenue dans\u00a0<strong>mon univers th\u00e9rapeutique<\/strong>, <br \/>un espace unique et authentique d&rsquo;accompagnement psychologique.<\/p>\n<p>Je m&rsquo;appelle Jessica Fabi\u00e9, passionn\u00e9e de lecture, de fromages et de mon m\u00e9tier : psychologue.<\/p>\n<p>Chaque histoire, chaque parcours est pr\u00e9cieux et m\u00e9rite une attention toute particuli\u00e8re.<\/p>\n<p>Que vous soyez ici pour traverser une p\u00e9riode de difficult\u00e9, de doute ou simplement pour mieux vous conna\u00eetre, je vous propose un espace th\u00e9rapeutique collaboratif.<\/p>\n<p><!-- \/wp:blockart\/paragraph --><\/p>\n<\/div>\n<\/div>\n<p><!-- \/wp:blockart\/column --><\/p>\n<\/div>\n<\/div>\n<\/div>\n<p><!-- \/wp:blockart\/section --><!-- wp:blockart\/section {\"clientId\":\"5a8ecddf\",\"columns\":3,\"blockMargin\":{\"dimension\":1,\"desktop\":{\"lock\":false,\"unit\":\"px\",\"top\":100}},\"blockPadding\":{\"dimension\":1,\"desktop\":{\"left\":15,\"right\":15,\"unit\":\"px\",\"lock\":false,\"top\":0,\"bottom\":0}}} --><\/p>\n<div class=\"blockart-section blockart-section-5a8ecddf\">\n<div class=\"blockart-container\">\n<div class=\"blockart-section-inner\">\n<p><!-- wp:blockart\/column {\"clientId\":\"19c7ce73\",\"colWidth\":{\"desktop\":33.33,\"tablet\":100,\"mobile\":100},\"blockPadding\":{\"dimension\":1,\"desktop\":{\"lock\":false,\"unit\":\"px\",\"left\":10,\"right\":10}}} --><\/p>\n<div class=\"blockart-column blockart-column-19c7ce73\">\n<div class=\"blockart-column-inner\">\n<p><!-- wp:blockart\/image {\"clientId\":\"8ebd007e\",\"image\":{\"url\":\"https:\/\/jessicafabie-psychologue.fr\/wp-content\/uploads\/2025\/03\/bureau-1.jpeg\",\"id\":964,\"height\":141,\"width\":141,\"alt\":\"\"},\"alignment\":{\"desktop\":\"center\"}} --><\/p>\n<figure class=\"blockart-image blockart-image-8ebd007e\"><img loading=\"lazy\" decoding=\"async\" class=\"wp-image-964 hover-effect-static filter-none mask mask-none\" src=\"https:\/\/jessicafabie-psychologue.fr\/wp-content\/uploads\/2025\/03\/bureau-1.jpeg\" alt=\"\" width=\"141\" height=\"141\" srcset=\"https:\/\/jessicafabie-psychologue.fr\/wp-content\/uploads\/2025\/03\/bureau-1.jpeg 141w, https:\/\/jessicafabie-psychologue.fr\/wp-content\/uploads\/2025\/03\/bureau-1-45x45.jpeg 45w, https:\/\/jessicafabie-psychologue.fr\/wp-content\/uploads\/2025\/03\/bureau-1-100x100.jpeg 100w\" sizes=\"(max-width: 141px) 100vw, 141px\" \/><\/figure>\n<p><!-- \/wp:blockart\/image --><!-- wp:blockart\/heading {\"clientId\":\"6a2c5017\",\"text\":\"Accessibilit\u00e9\",\"color\":\"#444444\",\"alignment\":{\"desktop\":\"center\"},\"typography\":{\"typography\":1,\"weight\":600,\"family\":\"Default\",\"size\":{\"desktop\":{\"value\":22,\"unit\":\"px\"}},\"lineHeight\":{\"desktop\":{\"value\":45,\"unit\":\"px\"}}}} --><\/p>\n<h2 class=\"blockart-heading blockart-heading-6a2c5017\">Accessibilit\u00e9<\/h2>\n<p><!-- \/wp:blockart\/heading --><!-- wp:blockart\/paragraph {\"clientId\":\"6382f008\",\"text\":\"Le bureau se situe au 1er \u00e9tage de la mairie de Brens. \\u003cbr\\u003eParking gratuit.\\u003cbr\\u003eArr\u00eat de bus devant le bureau.\\u003cbr\\u003eAscenseur. \\u003cbr\\u003eToilettes - Machine \u00e0 caf\u00e9\",\"alignment\":{\"desktop\":\"center\"},\"typography\":{\"typography\":1,\"weight\":400,\"family\":\"Lato\",\"size\":{\"desktop\":{\"value\":16,\"unit\":\"px\"}},\"lineHeight\":{\"desktop\":{\"value\":28,\"unit\":\"px\"}}},\"color\":\"#666666\",\"margin\":{\"dimension\":1,\"desktop\":{\"lock\":false,\"unit\":\"px\",\"top\":0}},\"blockPadding\":{\"dimension\":1,\"desktop\":{\"lock\":false,\"unit\":\"px\"}}} --><\/p>\n<p class=\"blockart-paragraph blockart-paragraph-6382f008\">Le bureau se situe au 1er \u00e9tage de la mairie de Brens. <br \/>Parking gratuit.<br \/>Arr\u00eat de bus devant le bureau.<br \/>Ascenseur. <br \/>Toilettes &#8211; Machine \u00e0 caf\u00e9<\/p>\n<p><!-- \/wp:blockart\/paragraph --><!-- wp:blockart\/button {\"clientId\":\"0275d246\",\"justification\":{\"desktop\":\"center\"},\"orientation\":{\"desktop\":\"horizontal\"}} --><\/p>\n<div class=\"blockart-buttons blockart-buttons-0275d246 is-wrap is-horizontal justify-center\">\n<p><!-- wp:blockart\/button-inner {\"clientId\":\"d4a342c0\"} --><\/p>\n<div class=\"blockart-button blockart-button-d4a342c0 \">\u00a0<\/div>\n<p><!-- \/wp:blockart\/button-inner --><\/p>\n<\/div>\n<p><!-- \/wp:blockart\/button --><\/p>\n<\/div>\n<\/div>\n<p><!-- \/wp:blockart\/column --><!-- wp:blockart\/column {\"clientId\":\"90f78ac0\",\"colWidth\":{\"desktop\":33.33,\"tablet\":100,\"mobile\":100},\"blockMargin\":{\"dimension\":1,\"desktop\":{\"lock\":false,\"unit\":\"px\"},\"tablet\":{\"lock\":false,\"unit\":\"px\",\"top\":40}},\"blockPadding\":{\"dimension\":1,\"desktop\":{\"lock\":false,\"unit\":\"px\",\"left\":10,\"right\":10}}} --><\/p>\n<div class=\"blockart-column blockart-column-90f78ac0\">\n<div class=\"blockart-column-inner\">\n<p><!-- wp:blockart\/image {\"clientId\":\"727e4f93\",\"image\":{\"url\":\"https:\/\/jessicafabie-psychologue.fr\/wp-content\/uploads\/2025\/03\/bureau.jpeg\",\"id\":965,\"height\":1020,\"width\":1360,\"alt\":\"\"},\"alignment\":{\"desktop\":\"center\"}} --><\/p>\n<figure class=\"blockart-image blockart-image-727e4f93\"><img loading=\"lazy\" decoding=\"async\" class=\"wp-image-965 hover-effect-static filter-none mask mask-none\" src=\"https:\/\/jessicafabie-psychologue.fr\/wp-content\/uploads\/2025\/03\/bureau.jpeg\" alt=\"\" width=\"1360\" height=\"1020\" srcset=\"https:\/\/jessicafabie-psychologue.fr\/wp-content\/uploads\/2025\/03\/bureau.jpeg 1360w, https:\/\/jessicafabie-psychologue.fr\/wp-content\/uploads\/2025\/03\/bureau-300x225.jpeg 300w, https:\/\/jessicafabie-psychologue.fr\/wp-content\/uploads\/2025\/03\/bureau-1024x768.jpeg 1024w, https:\/\/jessicafabie-psychologue.fr\/wp-content\/uploads\/2025\/03\/bureau-768x576.jpeg 768w, https:\/\/jessicafabie-psychologue.fr\/wp-content\/uploads\/2025\/03\/bureau-600x450.jpeg 600w\" sizes=\"(max-width: 1360px) 100vw, 1360px\" \/><\/figure>\n<p><!-- \/wp:blockart\/image --><!-- wp:blockart\/heading {\"clientId\":\"d65cd094\",\"text\":\"L'espace th\u00e9rapeutique\",\"color\":\"#222222\",\"alignment\":{\"desktop\":\"center\"},\"typography\":{\"typography\":1,\"weight\":600,\"size\":{\"desktop\":{\"value\":22,\"unit\":\"px\"}},\"lineHeight\":{\"desktop\":{\"value\":48,\"unit\":\"px\"}}}} --><\/p>\n<h2 class=\"blockart-heading blockart-heading-d65cd094\">L&rsquo;espace th\u00e9rapeutique<\/h2>\n<p><!-- \/wp:blockart\/heading --><!-- wp:blockart\/paragraph {\"clientId\":\"b1dfd8d3\",\"text\":\"Un bureau spacieux, lumineux avec un coin th\u00e9rapie, un coin \u00e9laboration si besoin d'\u00e9crire ou de cr\u00e9er et un coin enfant \/ ado.\",\"alignment\":{\"desktop\":\"center\"},\"typography\":{\"typography\":1,\"weight\":400,\"family\":\"Lato\",\"size\":{\"desktop\":{\"value\":16,\"unit\":\"px\"}},\"lineHeight\":{\"desktop\":{\"value\":28,\"unit\":\"px\"}}},\"color\":\"#666666\",\"margin\":{\"dimension\":1,\"desktop\":{\"lock\":false,\"unit\":\"px\",\"top\":0}},\"blockPadding\":{\"dimension\":1,\"desktop\":{\"lock\":false,\"unit\":\"px\"}}} --><\/p>\n<p class=\"blockart-paragraph blockart-paragraph-b1dfd8d3\">Un bureau spacieux, lumineux avec un coin th\u00e9rapie, un coin \u00e9laboration si besoin d&rsquo;\u00e9crire ou de cr\u00e9er et un coin enfant \/ ado.<\/p>\n<p><!-- \/wp:blockart\/paragraph --><!-- wp:blockart\/button {\"clientId\":\"42d6fbb8\",\"justification\":{\"desktop\":\"center\"},\"orientation\":{\"desktop\":\"horizontal\"}} --><\/p>\n<div class=\"blockart-buttons blockart-buttons-42d6fbb8 is-wrap is-horizontal justify-center\">\n<p><!-- wp:blockart\/button-inner {\"clientId\":\"21249cbe\"} --><\/p>\n<div class=\"blockart-button blockart-button-21249cbe \">\u00a0<\/div>\n<p><!-- \/wp:blockart\/button-inner --><\/p>\n<\/div>\n<p><!-- \/wp:blockart\/button --><\/p>\n<\/div>\n<\/div>\n<p><!-- \/wp:blockart\/column --><!-- wp:blockart\/column {\"clientId\":\"af6ec2f5\",\"colWidth\":{\"desktop\":33.34,\"tablet\":100,\"mobile\":100},\"blockMargin\":{\"dimension\":1,\"desktop\":{\"lock\":true},\"tablet\":{\"lock\":false,\"unit\":\"px\",\"top\":40,\"right\":0,\"bottom\":0,\"left\":0}},\"blockPadding\":{\"dimension\":1,\"desktop\":{\"lock\":false,\"unit\":\"px\",\"top\":0,\"right\":10,\"left\":10}}} --><\/p>\n<div class=\"blockart-column blockart-column-af6ec2f5\">\n<div class=\"blockart-column-inner\">\n<p><!-- wp:blockart\/image {\"clientId\":\"d2d127e2\",\"image\":{\"url\":\"https:\/\/jessicafabie-psychologue.fr\/wp-content\/uploads\/2025\/03\/dublin-4955328_640.jpeg\",\"id\":966,\"height\":427,\"width\":640,\"alt\":\"\"},\"alignment\":{\"desktop\":\"center\"}} --><\/p>\n<figure class=\"blockart-image blockart-image-d2d127e2\"><img loading=\"lazy\" decoding=\"async\" class=\"wp-image-966 hover-effect-static filter-none mask mask-none\" src=\"https:\/\/jessicafabie-psychologue.fr\/wp-content\/uploads\/2025\/03\/dublin-4955328_640.jpeg\" alt=\"\" width=\"640\" height=\"427\" srcset=\"https:\/\/jessicafabie-psychologue.fr\/wp-content\/uploads\/2025\/03\/dublin-4955328_640.jpeg 640w, https:\/\/jessicafabie-psychologue.fr\/wp-content\/uploads\/2025\/03\/dublin-4955328_640-300x200.jpeg 300w, https:\/\/jessicafabie-psychologue.fr\/wp-content\/uploads\/2025\/03\/dublin-4955328_640-600x400.jpeg 600w\" sizes=\"(max-width: 640px) 100vw, 640px\" \/><\/figure>\n<p><!-- \/wp:blockart\/image --><!-- wp:blockart\/heading {\"clientId\":\"87c99ed1\",\"text\":\"Sortie ind\u00e9pendante\",\"color\":\"#222222\",\"alignment\":{\"desktop\":\"center\"},\"typography\":{\"typography\":1,\"weight\":600,\"size\":{\"desktop\":{\"value\":22,\"unit\":\"px\"}},\"lineHeight\":{\"desktop\":{\"value\":49,\"unit\":\"px\"}}}} --><\/p>\n<h2 class=\"blockart-heading blockart-heading-87c99ed1\">Sortie ind\u00e9pendante<\/h2>\n<p><!-- \/wp:blockart\/heading --><!-- wp:blockart\/paragraph {\"clientId\":\"0fa90a67\",\"text\":\"Si vous ne souhaitez pas repasser par la salle d'attente, vous avez la possibilit\u00e9 de sortir par une sortie ind\u00e9pendante. Attention : non accessible PMR j'en suis navr\u00e9e. \",\"alignment\":{\"desktop\":\"center\"},\"typography\":{\"typography\":1,\"weight\":400,\"size\":{\"desktop\":{\"value\":16,\"unit\":\"px\"}},\"lineHeight\":{\"desktop\":{\"value\":28,\"unit\":\"px\"}}},\"color\":\"#666666\",\"margin\":{\"dimension\":1,\"desktop\":{\"lock\":false,\"unit\":\"px\",\"top\":0}}} --><\/p>\n<p class=\"blockart-paragraph blockart-paragraph-0fa90a67\">Si vous ne souhaitez pas repasser par la salle d&rsquo;attente, vous avez la possibilit\u00e9 de sortir par une sortie ind\u00e9pendante. Attention : non accessible PMR j&rsquo;en suis navr\u00e9e.<\/p>\n<p><!-- \/wp:blockart\/paragraph --><!-- wp:blockart\/button {\"clientId\":\"d42cb371\",\"justification\":{\"desktop\":\"center\"},\"orientation\":{\"desktop\":\"horizontal\"}} --><\/p>\n<div class=\"blockart-buttons blockart-buttons-d42cb371 is-wrap is-horizontal justify-center\">\n<p><!-- wp:blockart\/button-inner {\"clientId\":\"df9d6bf7\",\"text\":\"Read More\",\"typography\":{\"typography\":1,\"weight\":400,\"size\":{\"desktop\":{\"value\":14,\"unit\":\"px\"}}},\"color1\":\"#0fbe7c\",\"hoverColor1\":\"#129060\",\"background1\":{\"background\":1,\"type\":\"color\",\"color\":\"rgba(36,99,235,0)\"},\"hoverBackground1\":{\"background\":1,\"type\":\"color\",\"color\":\"rgba(18,145,96,0)\"},\"blockMargin\":{\"dimension\":1,\"desktop\":{\"lock\":false,\"unit\":\"px\",\"top\":10}}} --><\/p>\n<div class=\"blockart-button blockart-button-df9d6bf7 \"><a class=\"blockart-button-link is-large is-style-filled\">Read More<\/a><\/div>\n<p><!-- \/wp:blockart\/button-inner --><\/p>\n<\/div>\n<p><!-- \/wp:blockart\/button --><\/p>\n<\/div>\n<\/div>\n<p><!-- \/wp:blockart\/column --><\/p>\n<\/div>\n<\/div>\n<\/div>\n<p><!-- \/wp:blockart\/section --><!-- wp:paragraph --><\/p>\n<p><!-- \/wp:paragraph --><\/p>\t\t\t\t\t\t\t\t<\/div>\n\t\t\t\t<\/div>\n\t\t\t\t\t<\/div>\n\t\t\t\t<\/div>\t\t<\/div>\n\t\t","protected":false},"excerpt":{"rendered":"<p>Je ne prends plus de nouveaux patients Informations en lien avec les conf\u00e9rences \u00e0 venir \ud83d\ude42 \u00a0 \u00a0 \u00a0 \u00a0 [&hellip;]<\/p>\n","protected":false},"author":1,"featured_media":0,"parent":0,"menu_order":0,"comment_status":"open","ping_status":"open","template":"","meta":{"site-sidebar-layout":"default","site-content-layout":"","ast-site-content-layout":"","site-content-style":"default","site-sidebar-style":"default","ast-global-header-display":"","ast-banner-title-visibility":"","ast-main-header-display":"","ast-hfb-above-header-display":"","ast-hfb-below-header-display":"","ast-hfb-mobile-header-display":"","site-post-title":"disabled","ast-breadcrumbs-content":"","ast-featured-img":"","footer-sml-layout":"","theme-transparent-header-meta":"","adv-header-id-meta":"","stick-header-meta":"","header-above-stick-meta":"","header-main-stick-meta":"","header-below-stick-meta":"","astra-migrate-meta-layouts":"default","ast-page-background-enabled":"default","ast-page-background-meta":{"desktop":{"background-color":"var(--ast-global-color-5)","background-image":"","background-repeat":"repeat","background-position":"center center","background-size":"auto","background-attachment":"scroll","background-type":"","background-media":"","overlay-type":"","overlay-color":"","overlay-opacity":"","overlay-gradient":""},"tablet":{"background-color":"","background-image":"","background-repeat":"repeat","background-position":"center center","background-size":"auto","background-attachment":"scroll","background-type":"","background-media":"","overlay-type":"","overlay-color":"","overlay-opacity":"","overlay-gradient":""},"mobile":{"background-color":"","background-image":"","background-repeat":"repeat","background-position":"center center","background-size":"auto","background-attachment":"scroll","background-type":"","background-media":"","overlay-type":"","overlay-color":"","overlay-opacity":"","overlay-gradient":""}},"ast-content-background-meta":{"desktop":{"background-color":"var(--ast-global-color-4)","background-image":"","background-repeat":"repeat","background-position":"center center","background-size":"auto","background-attachment":"scroll","background-type":"","background-media":"","overlay-type":"","overlay-color":"","overlay-opacity":"","overlay-gradient":""},"tablet":{"background-color":"var(--ast-global-color-4)","background-image":"","background-repeat":"repeat","background-position":"center center","background-size":"auto","background-attachment":"scroll","background-type":"","background-media":"","overlay-type":"","overlay-color":"","overlay-opacity":"","overlay-gradient":""},"mobile":{"background-color":"var(--ast-global-color-4)","background-image":"","background-repeat":"repeat","background-position":"center center","background-size":"auto","background-attachment":"scroll","background-type":"","background-media":"","overlay-type":"","overlay-color":"","overlay-opacity":"","overlay-gradient":""}},"footnotes":""},"class_list":["post-718","page","type-page","status-publish","hentry"],"_links":{"self":[{"href":"https:\/\/jessicafabie-psychologue.fr\/index.php\/wp-json\/wp\/v2\/pages\/718","targetHints":{"allow":["GET"]}}],"collection":[{"href":"https:\/\/jessicafabie-psychologue.fr\/index.php\/wp-json\/wp\/v2\/pages"}],"about":[{"href":"https:\/\/jessicafabie-psychologue.fr\/index.php\/wp-json\/wp\/v2\/types\/page"}],"author":[{"embeddable":true,"href":"https:\/\/jessicafabie-psychologue.fr\/index.php\/wp-json\/wp\/v2\/users\/1"}],"replies":[{"embeddable":true,"href":"https:\/\/jessicafabie-psychologue.fr\/index.php\/wp-json\/wp\/v2\/comments?post=718"}],"version-history":[{"count":52,"href":"https:\/\/jessicafabie-psychologue.fr\/index.php\/wp-json\/wp\/v2\/pages\/718\/revisions"}],"predecessor-version":[{"id":1039,"href":"https:\/\/jessicafabie-psychologue.fr\/index.php\/wp-json\/wp\/v2\/pages\/718\/revisions\/1039"}],"wp:attachment":[{"href":"https:\/\/jessicafabie-psychologue.fr\/index.php\/wp-json\/wp\/v2\/media?parent=718"}],"curies":[{"name":"wp","href":"https:\/\/api.w.org\/{rel}","templated":true}]}}